{"id":83,"date":"2015-11-18T16:00:09","date_gmt":"2015-11-18T15:00:09","guid":{"rendered":"https:\/\/pmgmoto.pl\/en\/strona-glowna"},"modified":"2018-01-20T09:35:50","modified_gmt":"2018-01-20T08:35:50","slug":"strona-glowna","status":"publish","type":"page","link":"https:\/\/pmgmoto.pl\/en\/","title":{"rendered":"Homepage"},"content":{"rendered":"<p>To jest przyk\u0142adowa strona. R\u00f3\u017cni si\u0119 ona od postu na blogu, poniewa\u017c pozostanie ona ci\u0105gle w jednym miejscu i poka\u017ce si\u0119 w panelu nawigacyjnym na twojej stronie (w przypadku wi\u0119kszo\u015bci szablon\u00f3w). Wi\u0119kszo\u015b\u0107 os\u00f3b zaczyna od strony &#8216;O mnie&#8217; lub &#8216;O nas&#8217;, kt\u00f3ra przedstawia ich potencjalnym odwiedzaj\u0105cym stron\u0119. Mo\u017ce to by\u0107 co\u015b takiego:<\/p>\n<blockquote><p>Cze\u015b\u0107! Jestem kurierem na rowerze za dnia, noc\u0105 aktorem amatorem, a to jest m\u00f3j blog. Mieszkam w Gda\u0144sku, mam wspania\u0142ego psa o imieniu Azor i uwielbiam pi\u00f1a colad\u0119. (Oraz to, kiedy \u0142apie mnie deszcz.)<\/p><\/blockquote>\n<p>&#8230;lub co\u015b bardziej jak to:<\/p>\n<blockquote><p>Firma XYZ zosta\u0142a za\u0142o\u017cona w 1971 roku i od tamtej pory wytwarza najlepszej jako\u015bci wijaster na rynku. Zlokalizowana w Pacanowie zatrudnia ponad 2000 os\u00f3b i jest powodem samego dobrodziejstwa dla lokalnej spo\u0142eczno\u015bci.<\/p><\/blockquote>\n<p>Jako nowy u\u017cytkowni WordPressa, powiniene\u015b odwiedzi\u0107 <a href=\"https:\/\/pmgmoto.pl\/wordpress\/wp-admin\/\">sw\u00f3j panel administracyjny<\/a>, aby skasowa\u0107 t\u0119 stron\u0119 i stworzy\u0107 nowe, dostosowane do Twoich potrzeb strony. Mi\u0142ej zabawy!<\/p>\n","protected":false},"excerpt":{"rendered":"<p>To jest przyk\u0142adowa strona. R\u00f3\u017cni si\u0119 ona od postu na blogu, poniewa\u017c pozostanie ona ci\u0105gle w jednym miejscu i poka\u017ce si\u0119 w panelu nawigacyjnym na twojej stronie (w przypadku wi\u0119kszo\u015bci szablon\u00f3w). Wi\u0119kszo\u015b\u0107 os\u00f3b zaczyna od strony &#8216;O mnie&#8217; lub &#8216;O nas&#8217;, kt\u00f3ra przedstawia ich potencjalnym odwiedzaj\u0105cym stron\u0119. Mo\u017ce to by\u0107 co\u015b takiego: Cze\u015b\u0107! Jestem kurierem na rowerze za dnia, noc\u0105 aktorem amatorem, a to jest m\u00f3j blog. Mieszkam&#8230;<\/p>\n","protected":false},"author":1,"featured_media":0,"parent":0,"menu_order":0,"comment_status":"closed","ping_status":"closed","template":"page-templates\/frontpage.php","meta":[],"_links":{"self":[{"href":"https:\/\/pmgmoto.pl\/en\/wp-json\/wp\/v2\/pages\/83"}],"collection":[{"href":"https:\/\/pmgmoto.pl\/en\/wp-json\/wp\/v2\/pages"}],"about":[{"href":"https:\/\/pmgmoto.pl\/en\/wp-json\/wp\/v2\/types\/page"}],"author":[{"embeddable":true,"href":"https:\/\/pmgmoto.pl\/en\/wp-json\/wp\/v2\/users\/1"}],"replies":[{"embeddable":true,"href":"https:\/\/pmgmoto.pl\/en\/wp-json\/wp\/v2\/comments?post=83"}],"version-history":[{"count":0,"href":"https:\/\/pmgmoto.pl\/en\/wp-json\/wp\/v2\/pages\/83\/revisions"}],"wp:attachment":[{"href":"https:\/\/pmgmoto.pl\/en\/wp-json\/wp\/v2\/media?parent=83"}],"curies":[{"name":"wp","href":"https:\/\/api.w.org\/{rel}","templated":true}]}}